{"id":38,"date":"2018-03-26T12:45:39","date_gmt":"2018-03-26T10:45:39","guid":{"rendered":"http:\/\/2018.syfit.de\/?page_id=38"},"modified":"2025-12-03T13:39:02","modified_gmt":"2025-12-03T12:39:02","slug":"rechtliche-hinweise","status":"publish","type":"page","link":"https:\/\/syfit.de\/en\/rechtliche-hinweise\/","title":{"rendered":"Rechtliche Hinweise"},"content":{"rendered":"<div class=\"wpb-content-wrapper\"><p>[vc_row css=&#8221;.vc_custom_1678873252763{margin-top: 50px !important;}&#8221;][vc_column][vc_custom_heading text=&#8221;Rechtliche Hinweise&#8221; font_container=&#8221;tag:h1|text_align:left&#8221; use_theme_fonts=&#8221;yes&#8221;][\/vc_column][\/vc_row][vc_row][vc_column][vc_column_text]<\/p>\n<h3 id=\"u112648-5\" class=\"H1-Headline-small shared_content\" data-content-guid=\"u112648-5_content\"><strong id=\"u112648-4\" class=\"Strong\">Copyright:<\/strong><\/h3>\n<p id=\"u112648-7\" class=\"p-Body shared_content\" data-content-guid=\"u112648-7_content\">Alle Texte, Bilder, Grafiken, Ton-, Video- oder sonstige Bilddarstellungen und deren Anordnung der Website d\u00fcrfen ohne ausdr\u00fcckliche schriftliche Zustimmung der SYFIT GmbH nicht zu gewerblichen Zwecken kopiert, verbreitet, ver\u00e4ndert oder Dritten zug\u00e4nglich gemacht werden. Einige auf dieser Website wiedergegebene Bilder unterliegen dem Urheberrecht Dritter.<\/p>\n<h3 id=\"u112648-10\" class=\"H1-Headline-small shared_content\" data-content-guid=\"u112648-10_content\"><strong id=\"u112648-9\" class=\"Strong\">Haftungsausschlu\u00df:<\/strong><\/h3>\n<p id=\"u112648-12\" class=\"p-Body shared_content\" data-content-guid=\"u112648-12_content\">Bei der Erstellung dieser Webseite werden alle Anstrengungen unternommen, um die darin enthaltenen Informationen m\u00f6glichst aktuell, sachlich korrekt und eindeutig zu halten. Trotz aller Sorgfalt kann es jedoch zu unbeabsichtigten Fehlangaben kommen. Die SYFIT GmbH schlie\u00dft daher insbesondere jegliche Haftung f\u00fcr Tipp- oder Druckfehler und f\u00fcr die Exaktheit, Vollst\u00e4ndigkeit und Aktualit\u00e4t der auf der Webseite des Unternehmens enthaltenen Informationen aus. Die auf der SYFIT-Webseite bereitgehaltenen Informationen und Daten k\u00f6nnen jederzeit ohne Vorank\u00fcndigung ge\u00e4ndert werden. Sie werden von der SYFIT GmbH unverbindlich und unter Ausschlu\u00df jeglicher Garantien oder Zusicherungen angeboten.<\/p>\n<p id=\"u112648-15\" class=\"p-Body shared_content\" data-content-guid=\"u112648-15_content\">Soweit die SYFIT-Webseite Links oder Pointers auf Webseiten Dritter enth\u00e4lt, \u00fcbernimmt SYFIT f\u00fcr die dort erh\u00e4ltlichen Informationen, Mitteilungen, Materialien oder Links auf weitere Webseiten keinerlei Verantwortung. Wir erkl\u00e4ren ausdr\u00fccklich, dass wir uns Inhalte gelinkter Seiten nicht in jedem Fall zu eigen machen.<\/p>\n<p id=\"u112648-18\" class=\"p-Body shared_content\" data-content-guid=\"u112648-18_content\">Indem Sie die SYFIT-Webseite benutzen, tragen Sie die gesamte Gefahr, die mit der Benutzung zusammenh\u00e4ngt, einschlie\u00dflich s\u00e4mtlicher Risiken einer Sch\u00e4digung Ihrer Computer, Software oder Daten durch Viren oder andere Software, die \u00fcber die SYFIT-Webseite oder Ihren Zugriff darauf \u00fcbertragen oder aktiviert wird. In keinem Fall haftet die SYFIT GmbH f\u00fcr irgendeinen direkten, indirekten, besonderen, Begleit- oder Folgeschaden oder entgangenen Gewinn, die sich aus dem Gebrauch oder Fehlgebrauch von Informationen oder aus unvollst\u00e4ndigen Informationen auf der Webseite der SYFIT GmbH ergeben.<\/p>\n<p>[\/vc_column_text][\/vc_column][\/vc_row]<\/p>\n<\/div>","protected":false},"excerpt":{"rendered":"<p>[vc_row css=&#8221;.vc_custom_1678873252763{margin-top: 50px !important;}&#8221;][vc_column][vc_custom_heading text=&#8221;Rechtliche Hinweise&#8221; font_container=&#8221;tag:h1|text_align:left&#8221; use_theme_fonts=&#8221;yes&#8221;][\/vc_column][\/vc_row][vc_row][vc_column][vc_column_text] Copyright: Alle Texte, Bilder, Grafiken, Ton-, Video- oder sonstige Bilddarstellungen und deren Anordnung der Website d\u00fcrfen ohne ausdr\u00fcckliche schriftliche Zustimmung der SYFIT GmbH nicht zu gewerblichen Zwecken kopiert, verbreitet, ver\u00e4ndert oder Dritten zug\u00e4nglich gemacht werden. Einige auf dieser Website wiedergegebene Bilder unterliegen dem Urheberrecht Dritter. Haftungsausschlu\u00df: Bei<br \/><a href=\"https:\/\/syfit.de\/en\/rechtliche-hinweise\/\" class=\"more\">Read more<\/a><\/p>\n","protected":false},"author":1,"featured_media":0,"parent":0,"menu_order":12,"comment_status":"closed","ping_status":"closed","template":"","meta":{"rs_blank_template":"","rs_page_bg_color":"","slide_template_v7":"","footnotes":""},"class_list":["post-38","page","type-page","status-publish","hentry"],"_links":{"self":[{"href":"https:\/\/syfit.de\/en\/wp-json\/wp\/v2\/pages\/38","targetHints":{"allow":["GET"]}}],"collection":[{"href":"https:\/\/syfit.de\/en\/wp-json\/wp\/v2\/pages"}],"about":[{"href":"https:\/\/syfit.de\/en\/wp-json\/wp\/v2\/types\/page"}],"author":[{"embeddable":true,"href":"https:\/\/syfit.de\/en\/wp-json\/wp\/v2\/users\/1"}],"replies":[{"embeddable":true,"href":"https:\/\/syfit.de\/en\/wp-json\/wp\/v2\/comments?post=38"}],"version-history":[{"count":0,"href":"https:\/\/syfit.de\/en\/wp-json\/wp\/v2\/pages\/38\/revisions"}],"wp:attachment":[{"href":"https:\/\/syfit.de\/en\/wp-json\/wp\/v2\/media?parent=38"}],"curies":[{"name":"wp","href":"https:\/\/api.w.org\/{rel}","templated":true}]}}