{"id":6121,"date":"2021-01-19T07:00:39","date_gmt":"2021-01-19T06:00:39","guid":{"rendered":"https:\/\/syfit.de\/?page_id=6121"},"modified":"2025-12-03T13:35:34","modified_gmt":"2025-12-03T12:35:34","slug":"faq-betriebsmittelpruefung","status":"publish","type":"page","link":"https:\/\/syfit.de\/en\/produkte\/betriebsmittelpruefer\/faq-betriebsmittelpruefung\/","title":{"rendered":"Betriebsmittelpr\u00fcfer Fragen &#038; Antworten"},"content":{"rendered":"<div class=\"wpb-content-wrapper\"><p>[vc_row css=&#8221;.vc_custom_1678872204070{margin-top: 50px !important;}&#8221;][vc_column][vc_custom_heading text=&#8221;Fragen &amp; Antworten&#8221; font_container=&#8221;tag:h1|text_align:left&#8221; use_theme_fonts=&#8221;yes&#8221;][vc_custom_heading text=&#8221;FAQs zur digitalen Betriebsmittelpr\u00fcfung mit dem Betriebsmittelpr\u00fcfer AYE-D.NET&#8221; use_theme_fonts=&#8221;yes&#8221; css=&#8221;&#8221;][vc_custom_heading text=&#8221;Die wichtigsten Fragen und Antworten bevor Sie sich f\u00fcr die digitale Betriebsmittelpr\u00fcfung mit AYE-D.NET entscheiden.&#8221; font_container=&#8221;tag:p|font_size:20|text_align:left|color:%23849198|line_height:28px&#8221; google_fonts=&#8221;font_family:Roboto%3A100%2C100italic%2C300%2C300italic%2Cregular%2Citalic%2C500%2C500italic%2C700%2C700italic%2C900%2C900italic|font_style:500%20bold%20regular%3A500%3Anormal&#8221;][\/vc_column][\/vc_row][vc_row css=&#8221;.vc_custom_1546437052298{margin-bottom: 150px !important;}&#8221;][vc_column][vc_accordion active_tab=&#8221;1&#8243; collapsible=&#8221;yes&#8221; style=&#8221;rd_acc_2&#8243;][vc_accordion_tab title=&#8221;Eignet sich der Betriebsmittelpr\u00fcfer AYE-D.NET f\u00fcr mich?&#8221;][vc_column_text css=&#8221;&#8221;]Jeder Arbeitgeber\/Unternehmer ist verantwortlich f\u00fcr die Bereitstellung sicherer Arbeits- und Betriebsmittel. Deshalb sind die regelm\u00e4\u00dfigen \u00dcberpr\u00fcfungen nach der Betriebssicherheitsverordnung (BetrSichV) gesetzlich vorgeschrieben. Der Betriebsmittelpr\u00fcfer AYE-D.NET bietet ihnen eine unkomplizierte digitale Pflege und Analyse der Betriebsmittel sowie die Verwaltung von Produktdaten, Pr\u00fcfberichten und Dokumenten.[\/vc_column_text][\/vc_accordion_tab][vc_accordion_tab title=&#8221;Wo liegen meine Daten wenn ich den Betriebsmittelpr\u00fcfer AYE-D.NET nutze?&#8221;][vc_column_text]Die Speicherung und Verarbeitung erfolgt gr\u00f6\u00dftenteils auf einem Webserver. Die Daten werden in einer Datenbank in Deutschland bei der T-Systems gehostet.[\/vc_column_text][\/vc_accordion_tab][vc_accordion_tab title=&#8221;Sind f\u00fcr die Betriebsmittelp\u00fcfung auch mobile Apps verf\u00fcgbar?&#8221;][vc_column_text css=&#8221;&#8221;]Ja, es gibt eine Pr\u00fcfapp f\u00fcr iOS und f\u00fcr Android. Diese k\u00f6nnen mit einem AYE-D.NET Betriebsmittelpr\u00fcfer Account kostenlos genutzt werden. Die Apps unterst\u00fctzen das Auslesen von RFID, NFC, QR- und Barcodes sowie die direkte Eingabe ihrer eindeutigen Identifikationsnummer.[\/vc_column_text][\/vc_accordion_tab][vc_accordion_tab title=&#8221;Was wird ben\u00f6tigt um den Betriebsmittelpr\u00fcfer AYE-D.NET zu nutzen?&#8221;][vc_column_text css=&#8221;&#8221;]F\u00fcr die Nutzung vom Betriebsmittelpr\u00fcfer AYE-D.NET ben\u00f6tigen Sie lediglich einen PC, Laptop oder Tablet und eine Internetverbindung sowie einen aktuellen Internetbrowser. Wenn Sie RFID-Chips auslesen m\u00f6chten ben\u00f6tigen Sie zus\u00e4tzlich einen RFID-Reader. Dieser kann optional bei der SYFIT GmbH erworben werden.<\/p>\n<p>[\/vc_column_text][\/vc_accordion_tab][vc_accordion_tab title=&#8221;Kann ich den Betriebsmittelpr\u00fcfer AYE-D.NET in der Demoversion auch l\u00e4nger als 30 Tage nutzen?&#8221;][vc_column_text]Nein, nach Ablauf der 30 Tage wir Ihr Zugang zur Demoversion gesperrt. Ihre Daten bleiben f\u00fcr 30 Tage gespeichert, sollten Sie sich innerhalb dieser 30 Tage f\u00fcr AYE-D.NET entscheiden k\u00f6nnen Ihre Daten in Ihre Liveversion \u00fcbernommen werden.[\/vc_column_text][\/vc_accordion_tab][vc_accordion_tab title=&#8221;Kann ich Produkte im Betriebsmittelpr\u00fcfer AYE-D.NET nachr\u00fcsten?&#8221;][vc_column_text]Ja, Sie k\u00f6nnen alle Produkte in AYE-D.NET nachr\u00fcsten. Wir bieten Unterst\u00fctzungsprozesse in der Software inkl. der Hardware an.[\/vc_column_text][\/vc_accordion_tab][vc_accordion_tab title=&#8221;In welchen Sprachen stehen im Betriebsmittelpr\u00fcfer AYE-D.NET zur Verf\u00fcgung?&#8221;][vc_column_text]Durch unseren internationalen Kundenstamm steht AYE-D.NET derzeit in folgenden Sprachen zur Verf\u00fcgung:<\/p>\n<ul>\n<li>Chinesisch<\/li>\n<li>Deutsch<\/li>\n<li>D\u00e4nisch<\/li>\n<li>Englisch<\/li>\n<li>Estnisch<\/li>\n<li>Finnisch<\/li>\n<li>Franz\u00f6sisch<\/li>\n<li>Italienisch<\/li>\n<li>Japanisch<\/li>\n<li>Lettisch<\/li>\n<li>Litauisch<\/li>\n<li>Niederl\u00e4ndisch<\/li>\n<li>Norwegisch<\/li>\n<li>Polnisch<\/li>\n<li>Portugiesisch<\/li>\n<li>Rum\u00e4nisch<\/li>\n<li>Russisch<\/li>\n<li>Schwedisch<\/li>\n<li>Slowenisch<\/li>\n<li>Spanisch<\/li>\n<li>Ukrainisch<\/li>\n<li>Tschechisch<\/li>\n<\/ul>\n<p>[\/vc_column_text][\/vc_accordion_tab][vc_accordion_tab title=&#8221;Gibt es f\u00fcr den Betriebsmittelpr\u00fcfer AYE-D.NET eine Hilfe &amp; Tipps Seite?&#8221;][vc_column_text]Ja, nach Freischaltung Ihres Live-Accounts k\u00f6nnen Sie auf ein ausf\u00fchrliches Benutzerhandbuch und Videotutorials zugreifen.[\/vc_column_text][\/vc_accordion_tab][vc_accordion_tab title=&#8221;Werden Softwareschulungen angeboten?&#8221;][vc_column_text]<\/p>\n<div class=\"csc-textpic-text\">\n<div class=\"csc-text\">\n<p>SYFIT GmbH bietet zur Einf\u00fchrung einen Inhouse-Workshop an. Je nach Umfang empfehlen wir einen 1-2 t\u00e4gigen Workshop. Zus\u00e4tzlich wird ein Einf\u00fchrungssupport-Paket angeboten. Dieses Paket beinhaltet 4 Stunden Telefon oder E-Mail Support und ist 2 Monate g\u00fcltig. Alternativ kann auch eine TeamViewer Schulung gebucht werden.<\/p>\n<p>In der AYE-D.NET Applikation gibt es ein ausf\u00fchrliches Benutzerhandbuch sowie eine Seite mit Videotutorials in deutsch und englisch.<\/p>\n<\/div>\n<\/div>\n<p>[\/vc_column_text][\/vc_accordion_tab][vc_accordion_tab title=&#8221;Was muss ich tun, wenn die Demoversion abgelaufen ist?&#8221;][vc_column_text]Nach Ablauf des Testzeitraumes wird Ihr Zugang zum AYE-D.NET Demo-Account automatisch gesperrt. Ihre Daten bleiben f\u00fcr 30 Tage gespeichert, sollten Sie sich innerhalb dieser 30 Tage f\u00fcr AYE-D.NET entscheiden k\u00f6nnen Sie jederzeit zwischen unseren beiden Lizenzl\u00f6sungen \u201eAYE-D.NET Standard (1-9 Benutzer)\u201c und \u201eAYE-D.NET Professional (ab 10 Benutzern)\u201c einen Live-Account beantragen.[\/vc_column_text][\/vc_accordion_tab][vc_accordion_tab title=&#8221;Gibt es Schnittstellen zu ERP Systemen?&#8221;][vc_column_text]Ja, in AYE-D.NET werden alle g\u00e4ngigen APIs zu ERP Systemen unterst\u00fctzt. Die Schnittstellen m\u00fcssen jedoch separat beantragt und entwickelt werden.[\/vc_column_text][\/vc_accordion_tab][vc_accordion_tab title=&#8221;Welche Produkte k\u00f6nnen erfasste werden?&#8221;][vc_column_text]In AYE-D.NET k\u00f6nnen alle Produkte erfasst werden. AYE-D.NET ist modular aufgebaut und offen konzipiert.[\/vc_column_text][\/vc_accordion_tab][vc_accordion_tab title=&#8221;K\u00f6nnen Produkte durch externe Dienstleister gepr\u00fcft werden?&#8221;][vc_column_text]Ja, in Ihrem AYE-D.NET Account k\u00f6nnen Sie, in der Benutzerverwaltung und in der Organisationsverwaltung, externe Dienstleister zuordnen.[\/vc_column_text][\/vc_accordion_tab][vc_accordion_tab title=&#8221;M\u00fcssen alle Produkte mit einem RFID Chip erfasst werden?&#8221;][vc_column_text]Nein. In AYE-D.NET haben Sie die M\u00f6glichkeit, Ihre Produkte alternativ mit NFC-Chips, Barcodes, QR-Codes auszustatten, oder Sie weisen Ihren Produkten eine eindeutige interne ID zu.[\/vc_column_text][\/vc_accordion_tab][vc_accordion_tab title=&#8221;Wie werden Pr\u00fcfpl\u00e4ne erstellt?&#8221;][vc_column_text]Sie haben die M\u00f6glichkeit in AYE-D.NET eigene individuelle Pr\u00fcfpl\u00e4ne mit passenden Pr\u00fcffragen zu Ihren Produkten zu erstellen. Oder bereits vordefinierte Pr\u00fcfpl\u00e4ne in AYE-D.NET zu nutzen.[\/vc_column_text][\/vc_accordion_tab][vc_accordion_tab title=&#8221;Wie werden die Pr\u00fcfdokumente erstellt?&#8221;][vc_column_text]Nach jeder Pr\u00fcfung werden die Pr\u00fcfdokumente automatisch in AYE-D.NET generiert und als PDF-Datei in einer Historie archiviert.[\/vc_column_text][\/vc_accordion_tab][vc_accordion_tab title=&#8221;Wo finde ich das Pr\u00fcfprotokoll bei Bedarf?&#8221;][vc_column_text]In AYE-D.NET werden die Pr\u00fcfprotokolle nach jeder Pr\u00fcfung den einzelnen Produkten zugeordnet und sind in den Produktdetails ersichtlich und jederzeit abrufbar.[\/vc_column_text][\/vc_accordion_tab][vc_accordion_tab title=&#8221;Besteht die M\u00f6glichkeit das mehrere Benutzer den gleichen User-Account nutzen?&#8221;][vc_column_text]Ja. Sie k\u00f6nnen Benutzern die Infouser-Funktion zuweisen damit haben Sie die M\u00f6glichkeit das mehrere Benutzer den gleichen Account nutzen. Der Info-User erh\u00e4lt eine Beschr\u00e4nkung f\u00fcr AYE-D.NET und kann auf die Bauteil-Info und Inventarliste zugreifen.[\/vc_column_text][\/vc_accordion_tab][\/vc_accordion][\/vc_column][\/vc_row][vc_row type=&#8221;full-width-section&#8221; content_placement=&#8221;top&#8221; css=&#8221;.vc_custom_1597129629620{margin-top: 100px !important;margin-bottom: 0px !important;border-top-width: 1px !important;border-bottom-width: 1px !important;padding-top: 100px !important;padding-bottom: 100px !important;background-color: #f3f3f5 !important;border-top-color: #e6e9ea !important;border-top-style: solid !important;border-bottom-color: #e6e9ea !important;border-bottom-style: solid !important;}&#8221;][vc_column][vc_custom_heading text=&#8221;Fragen zum Betriebsmittelpr\u00fcfer?&#8221; font_container=&#8221;tag:h2|font_size:26|text_align:left&#8221; google_fonts=&#8221;font_family:Roboto%3A100%2C100italic%2C300%2C300italic%2Cregular%2Citalic%2C500%2C500italic%2C700%2C700italic%2C900%2C900italic|font_style:700%20bold%20regular%3A700%3Anormal&#8221; css=&#8221;&#8221;][vc_row_inner][vc_column_inner width=&#8221;1\/3&#8243;][vc_column_text css=&#8221;&#8221;]<\/p>\n<div class=\"wpb_text_column wpb_content_element ct_3cfb8wv2cvc3gaj5hdpm\">\n<div class=\"wpb_wrapper\">\n<h5>Unser Team hilft Ihnen gerne weiter!<\/h5>\n<p>Ob Sie mehr \u00fcber unsere L\u00f6sung Betriebsmittelpr\u00fcfer zur Betriebsmittelpr\u00fcfung erfahren oder individuelle Fragen kl\u00e4ren m\u00f6chten \u2013 wir stehen Ihnen pers\u00f6nlich zur Verf\u00fcgung.<\/p>\n<\/div>\n<\/div>\n<p>[\/vc_column_text][\/vc_column_inner][vc_column_inner width=&#8221;2\/3&#8243;]<style type=\"text\/css\" >#rd_hbpnk0smjlx9uyma8edg .wpcf7 input[type=submit]{font-size:15px; font-weight:900; border-radius:2px; padding:11px 15px; letter-spacing: 0.5px; margin-top:3px;}#rd_hbpnk0smjlx9uyma8edg .wpcf7 input[type=submit]:hover {background:#ff7333; color:#ffffff !important;}#rd_hbpnk0smjlx9uyma8edg .wpcf7 input:not([type=submit]):not([type=checkbox]),#rd_hbpnk0smjlx9uyma8edg textarea,#rd_hbpnk0smjlx9uyma8edg .wpcf7 select{border-radius:0px;}#rd_hbpnk0smjlx9uyma8edg .wpcf7 input:not([type=submit]),#rd_hbpnk0smjlx9uyma8edg textarea,#rd_hbpnk0smjlx9uyma8edg .wpcf7 input[type=submit],#rd_hbpnk0smjlx9uyma8edg .wpcf7 select{margin-top:3px;}#rd_hbpnk0smjlx9uyma8edg p{margin-bottom:23px;}#rd_hbpnk0smjlx9uyma8edg .wpcf7 input:not([type=submit]):not([type=checkbox]),#rd_hbpnk0smjlx9uyma8edg .wpcf7  textarea,#rd_hbpnk0smjlx9uyma8edg .wpcf7 select{border:1px solid #f3f3f5; background:#ffffff;}#rd_hbpnk0smjlx9uyma8edg .wpcf7 input[type=submit]{background:#ff5000; color:#ffffff !important;}<\/style><div id=\"rd_hbpnk0smjlx9uyma8edg\" class=\"\">\n<div class=\"wpcf7 no-js\" id=\"wpcf7-f7582-o1\" lang=\"de-DE\" dir=\"ltr\" data-wpcf7-id=\"7582\">\n<div class=\"screen-reader-response\"><p role=\"status\" aria-live=\"polite\" aria-atomic=\"true\"><\/p> <ul><\/ul><\/div>\n<form action=\"\/en\/wp-json\/wp\/v2\/pages\/6121#wpcf7-f7582-o1\" method=\"post\" class=\"wpcf7-form init\" aria-label=\"Kontaktformular\" novalidate=\"novalidate\" data-status=\"init\">\n<fieldset class=\"hidden-fields-container\"><input type=\"hidden\" name=\"_wpcf7\" value=\"7582\" \/><input type=\"hidden\" name=\"_wpcf7_version\" value=\"6.1.5\" \/><input type=\"hidden\" name=\"_wpcf7_locale\" value=\"de_DE\" \/><input type=\"hidden\" name=\"_wpcf7_unit_tag\" value=\"wpcf7-f7582-o1\" \/><input type=\"hidden\" name=\"_wpcf7_container_post\" value=\"0\" \/><input type=\"hidden\" name=\"_wpcf7_posted_data_hash\" value=\"\" \/><input type=\"hidden\" name=\"_wpcf7cf_hidden_group_fields\" value=\"[]\" \/><input type=\"hidden\" name=\"_wpcf7cf_hidden_groups\" value=\"[]\" \/><input type=\"hidden\" name=\"_wpcf7cf_visible_groups\" value=\"[]\" \/><input type=\"hidden\" name=\"_wpcf7cf_repeaters\" value=\"[]\" \/><input type=\"hidden\" name=\"_wpcf7cf_steps\" value=\"{}\" \/><input type=\"hidden\" name=\"_wpcf7cf_options\" value=\"{&quot;form_id&quot;:7582,&quot;conditions&quot;:[],&quot;settings&quot;:{&quot;animation&quot;:&quot;yes&quot;,&quot;animation_intime&quot;:200,&quot;animation_outtime&quot;:200,&quot;conditions_ui&quot;:&quot;normal&quot;,&quot;notice_dismissed&quot;:false,&quot;notice_dismissed_rollback-cf7-5.5.6&quot;:true,&quot;notice_dismissed_rollback-cf7-5.6.2&quot;:true,&quot;notice_dismissed_rollback-cf7-5.7.2&quot;:true,&quot;notice_dismissed_rollback-cf7-5.7.6&quot;:true,&quot;notice_dismissed_rollback-cf7-5.8.5&quot;:true,&quot;notice_dismissed_rollback-cf7-5.8.7&quot;:true,&quot;notice_dismissed_rollback-cf7-5.9.2&quot;:true,&quot;notice_dismissed_rollback-cf7-5.9.5&quot;:true,&quot;notice_dismissed_rollback-cf7-5.9.7&quot;:true,&quot;notice_dismissed_rollback-cf7-6.0.4&quot;:true}}\" \/>\n<\/fieldset>\n<div class=\"left_field\">\n\t<p><span class=\"wpcf7-form-control-wrap\" data-name=\"your-name\"><input size=\"40\" maxlength=\"400\" class=\"wpcf7-form-control wpcf7-text wpcf7-validates-as-required\" aria-required=\"true\" aria-invalid=\"false\" placeholder=\"Name\" value=\"\" type=\"text\" name=\"your-name\" \/><\/span>\n\t<\/p>\n\t<p><span class=\"wpcf7-form-control-wrap\" data-name=\"your-company\"><input size=\"40\" maxlength=\"400\" class=\"wpcf7-form-control wpcf7-text wpcf7-validates-as-required\" aria-required=\"true\" aria-invalid=\"false\" placeholder=\"Firma\" value=\"\" type=\"text\" name=\"your-company\" \/><\/span>\n\t<\/p>\n\t<p><span class=\"wpcf7-form-control-wrap\" data-name=\"your-phone\"><input size=\"40\" maxlength=\"400\" class=\"wpcf7-form-control wpcf7-tel wpcf7-validates-as-required wpcf7-text wpcf7-validates-as-tel\" aria-required=\"true\" aria-invalid=\"false\" placeholder=\"Telefon\" value=\"\" type=\"tel\" name=\"your-phone\" \/><\/span>\n\t<\/p>\n\t<p><span class=\"wpcf7-form-control-wrap\" data-name=\"your-email\"><input size=\"40\" maxlength=\"400\" class=\"wpcf7-form-control wpcf7-email wpcf7-validates-as-required wpcf7-text wpcf7-validates-as-email\" aria-required=\"true\" aria-invalid=\"false\" placeholder=\"Email\" value=\"\" type=\"email\" name=\"your-email\" \/><\/span>\n\t<\/p>\n<\/div>\n<div class=\"right_field\">\n\t<p><span class=\"wpcf7-form-control-wrap\" data-name=\"your-subject\"><input size=\"40\" maxlength=\"400\" class=\"wpcf7-form-control wpcf7-text wpcf7-validates-as-required\" aria-required=\"true\" aria-invalid=\"false\" placeholder=\"Betreff\" value=\"\" type=\"text\" name=\"your-subject\" \/><\/span>\n\t<\/p>\n\t<p><span class=\"wpcf7-form-control-wrap\" data-name=\"your-message\"><textarea cols=\"40\" rows=\"10\" maxlength=\"2000\" class=\"wpcf7-form-control wpcf7-textarea\" aria-invalid=\"false\" placeholder=\"Nachricht\" name=\"your-message\"><\/textarea><\/span>\n\t<\/p>\n\t<p><span id=\"wpcf7-69f774ccbb2ae-wrapper\" class=\"wpcf7-form-control-wrap mail-747-wrap\" style=\"display:none !important; visibility:hidden !important;\"><label for=\"wpcf7-69f774ccbb2ae-field\" class=\"hp-message\">Bitte lasse dieses Feld leer.<\/label><input id=\"wpcf7-69f774ccbb2ae-field\"  class=\"wpcf7-form-control wpcf7-text\" type=\"text\" name=\"mail-747\" value=\"\" size=\"40\" tabindex=\"-1\" autocomplete=\"new-password\" \/><\/span>\n\t<\/p>\n\t<p><input class=\"wpcf7-form-control wpcf7-submit has-spinner\" type=\"submit\" value=\"Absenden\" \/>\n\t<\/p>\n<\/div><div class=\"wpcf7-response-output\" aria-hidden=\"true\"><\/div>\n<\/form>\n<\/div>\n<\/div>[\/vc_column_inner][\/vc_row_inner][\/vc_column][\/vc_row]<\/p>\n<\/div>","protected":false},"excerpt":{"rendered":"<p>[vc_row css=&#8221;.vc_custom_1678872204070{margin-top: 50px !important;}&#8221;][vc_column][vc_custom_heading text=&#8221;Fragen &amp; Antworten&#8221; font_container=&#8221;tag:h1|text_align:left&#8221; use_theme_fonts=&#8221;yes&#8221;][vc_custom_heading text=&#8221;FAQs zur digitalen Betriebsmittelpr\u00fcfung mit dem Betriebsmittelpr\u00fcfer AYE-D.NET&#8221; use_theme_fonts=&#8221;yes&#8221; css=&#8221;&#8221;][vc_custom_heading text=&#8221;Die wichtigsten Fragen und Antworten bevor Sie sich f\u00fcr die digitale Betriebsmittelpr\u00fcfung mit AYE-D.NET entscheiden.&#8221; font_container=&#8221;tag:p|font_size:20|text_align:left|color:%23849198|line_height:28px&#8221; google_fonts=&#8221;font_family:Roboto%3A100%2C100italic%2C300%2C300italic%2Cregular%2Citalic%2C500%2C500italic%2C700%2C700italic%2C900%2C900italic|font_style:500%20bold%20regular%3A500%3Anormal&#8221;][\/vc_column][\/vc_row][vc_row css=&#8221;.vc_custom_1546437052298{margin-bottom: 150px !important;}&#8221;][vc_column][vc_accordion active_tab=&#8221;1&#8243; collapsible=&#8221;yes&#8221; style=&#8221;rd_acc_2&#8243;][vc_accordion_tab title=&#8221;Eignet sich der Betriebsmittelpr\u00fcfer AYE-D.NET f\u00fcr mich?&#8221;][vc_column_text css=&#8221;&#8221;]Jeder Arbeitgeber\/Unternehmer ist verantwortlich f\u00fcr die<br \/><a href=\"https:\/\/syfit.de\/en\/produkte\/betriebsmittelpruefer\/faq-betriebsmittelpruefung\/\" class=\"more\">Read more<\/a><\/p>\n","protected":false},"author":4,"featured_media":0,"parent":5848,"menu_order":0,"comment_status":"closed","ping_status":"closed","template":"","meta":{"rs_blank_template":"","rs_page_bg_color":"","slide_template_v7":"","footnotes":""},"class_list":["post-6121","page","type-page","status-publish","hentry"],"_links":{"self":[{"href":"https:\/\/syfit.de\/en\/wp-json\/wp\/v2\/pages\/6121","targetHints":{"allow":["GET"]}}],"collection":[{"href":"https:\/\/syfit.de\/en\/wp-json\/wp\/v2\/pages"}],"about":[{"href":"https:\/\/syfit.de\/en\/wp-json\/wp\/v2\/types\/page"}],"author":[{"embeddable":true,"href":"https:\/\/syfit.de\/en\/wp-json\/wp\/v2\/users\/4"}],"replies":[{"embeddable":true,"href":"https:\/\/syfit.de\/en\/wp-json\/wp\/v2\/comments?post=6121"}],"version-history":[{"count":0,"href":"https:\/\/syfit.de\/en\/wp-json\/wp\/v2\/pages\/6121\/revisions"}],"up":[{"embeddable":true,"href":"https:\/\/syfit.de\/en\/wp-json\/wp\/v2\/pages\/5848"}],"wp:attachment":[{"href":"https:\/\/syfit.de\/en\/wp-json\/wp\/v2\/media?parent=6121"}],"curies":[{"name":"wp","href":"https:\/\/api.w.org\/{rel}","templated":true}]}}