{"id":6143,"date":"2020-08-31T12:08:25","date_gmt":"2020-08-31T10:08:25","guid":{"rendered":"https:\/\/syfit.de\/?page_id=6143"},"modified":"2026-02-19T08:37:43","modified_gmt":"2026-02-19T07:37:43","slug":"faq-fuehrerscheinpruefer","status":"publish","type":"page","link":"https:\/\/syfit.de\/en\/produkte\/fuehrerscheinpruefer\/faq-fuehrerscheinpruefer\/","title":{"rendered":"F\u00fchrerscheinpr\u00fcfer Fragen und Antworten"},"content":{"rendered":"<div class=\"wpb-content-wrapper\"><p>[vc_row css=&#8221;.vc_custom_1678872389733{margin-top: 50px !important;}&#8221;][vc_column][vc_custom_heading text=&#8221;Fragen &amp; Antworten&#8221; font_container=&#8221;tag:h1|font_size:2.75rem|text_align:left|color:%230A234B|line_height:2.75rem&#8221; use_theme_fonts=&#8221;yes&#8221; css=&#8221;.vc_custom_1771483926643{margin-bottom: 10px !important;}&#8221; el_class=&#8221;uppercase&#8221;][vc_custom_heading text=&#8221;FAQs zur Softwarel\u00f6sung F\u00fchrerscheinpr\u00fcfer AYE-DRIVE die digitalen F\u00fchrerscheinkontrolle&#8221; font_container=&#8221;tag:h2|font_size:2.25rem|text_align:left|color:%230A234B|line_height:2.25rem&#8221; use_theme_fonts=&#8221;yes&#8221; css=&#8221;.vc_custom_1771486412796{margin-bottom: 24px !important;}&#8221;][vc_column_text css=&#8221;.vc_custom_1771483985148{margin-top: 0px !important;margin-right: 0px !important;margin-bottom: 25px !important;margin-left: 0px !important;}&#8221; font_size=&#8221;18&#8243; line_height=&#8221;24&#8243;]Die wichtigsten Fragen und Antworten bevor Sie sich f\u00fcr die digitale F\u00fchrerscheinkontrolle mit dem F\u00fchrerscheinpr\u00fcfer AYE-DRIVE entscheiden.[\/vc_column_text][\/vc_column][\/vc_row][vc_row][vc_column][vc_accordion active_tab=&#8221;1&#8243; style=&#8221;rd_acc_8&#8243;][vc_accordion_tab title=&#8221;Eignet sich AYE-DRIVE f\u00fcr mich?&#8221; title_color=&#8221;#565969&#8243; border_color=&#8221;#E6E9EA&#8221;][vc_column_text]Alle Unternehmen, die in Ihrem Fuhrpark Fahrzeuge als Halter zur Verf\u00fcgung stellen, sind verpflichtet, regelm\u00e4\u00dfige Kontrollen durchzuf\u00fchren. AYE-DRIVE bietet eine einfache digitale Kontrolle der F\u00fchrerscheinpr\u00fcfung. Manuelle Kontrollen \u00fcber Formulare und Sichtpr\u00fcfungen, die mit einem organisatorischen und finanziellen Aufwand verbunden sind, sind nicht mehr n\u00f6tig.[\/vc_column_text][\/vc_accordion_tab][vc_accordion_tab title=&#8221;Wie viele Nutzer unterst\u00fctzt AYE-DRIVE?&#8221; title_color=&#8221;#565969&#8243; border_color=&#8221;#E6E9EA&#8221;][vc_column_text]In AYE-DRIVE k\u00f6nnen eine unbegrenzte Anzahl an Fahrer erfasst und verwaltet werden.[\/vc_column_text][\/vc_accordion_tab][vc_accordion_tab title=&#8221;Wo liegen meine Daten, wenn ich AYE-DRIVE nutze?&#8221; title_color=&#8221;#565969&#8243; border_color=&#8221;#E6E9EA&#8221;][vc_column_text]Die Speicherung und Verarbeitung erfolgt gr\u00f6\u00dftenteils auf einem Webserver. Die Daten werden in einer Datenbank in Deutschland bei der T-Systems gehostet.[\/vc_column_text][\/vc_accordion_tab][vc_accordion_tab title=&#8221;Sind f\u00fcr AYE-DRIVE auch mobile Apps verf\u00fcgbar?&#8221; title_color=&#8221;#565969&#8243; border_color=&#8221;#E6E9EA&#8221;][vc_column_text]Ja, es gibt mobile Apps f\u00fcr iOS und Android. Diese k\u00f6nnen mit einem AYE-DRIVE Account kostenlos genutzt werden. Mittels dieser Apps werden die Best\u00e4tigungen der g\u00fcltigen Fahrerlaubnis durchgef\u00fchrt.[\/vc_column_text][\/vc_accordion_tab][vc_accordion_tab title=&#8221;Was wird ben\u00f6tigt, um AYE-DRIVE nutzen zu k\u00f6nnen?&#8221; title_color=&#8221;#565969&#8243; border_color=&#8221;#E6E9EA&#8221;][vc_column_text]F\u00fcr die Nutzung von AYE-DRIVE ben\u00f6tigen Sie lediglich einen PC, Laptop oder Tablet und eine Internetverbindung sowie einen aktuellen Internetbrowser. Zum Erfassen der Identifikationscodes der NFC Transponder ben\u00f6tigen Sie zus\u00e4tzlich einen AYE-D-Reader. Dieser kann optional bei der SYFIT GmbH erworben werden.[\/vc_column_text][\/vc_accordion_tab][vc_accordion_tab title=&#8221;Ist das Anbringen der NFC Transponder auf den F\u00fchrerscheinen erlaubt?&#8221; title_color=&#8221;#565969&#8243; border_color=&#8221;#E6E9EA&#8221;][vc_column_text]In rechtlicher Hinsicht bestehen gegen die Verwendung eines NFC-Transponders auf dem F\u00fchrerschein keine Bedenken, sofern keine relevanten Informationen des F\u00fchrerscheins verdeckt werden und der Transponder einfach und r\u00fcckstandsfrei entfernt werden kann.[\/vc_column_text][\/vc_accordion_tab][\/vc_accordion][\/vc_column][\/vc_row][vc_row type=&#8221;full-width-section&#8221; content_placement=&#8221;top&#8221; css=&#8221;.vc_custom_1597129629620{margin-top: 100px !important;margin-bottom: 0px !important;border-top-width: 1px !important;border-bottom-width: 1px !important;padding-top: 100px !important;padding-bottom: 100px !important;background-color: #f3f3f5 !important;border-top-color: #e6e9ea !important;border-top-style: solid !important;border-bottom-color: #e6e9ea !important;border-bottom-style: solid !important;}&#8221;][vc_column][vc_row_inner equal_height=&#8221;yes&#8221; content_placement=&#8221;top&#8221;][vc_column_inner width=&#8221;1\/3&#8243;][vc_custom_heading text=&#8221;Fragen zum F\u00fchrerscheinpr\u00fcfer?&#8221; font_container=&#8221;tag:h4|font_size:1.5rem|text_align:left|color:%230A234B|line_height:1.5rem&#8221; use_theme_fonts=&#8221;yes&#8221; css=&#8221;.vc_custom_1771484178801{margin-bottom: 10px !important;}&#8221;][vc_custom_heading text=&#8221;Unser Team hilft Ihnen gerne weiter!&#8221; font_container=&#8221;tag:h5|font_size:1.2rem|text_align:left|color:%230A234B|line_height:1.2rem&#8221; use_theme_fonts=&#8221;yes&#8221; css=&#8221;.vc_custom_1771484196090{margin-bottom: 10px !important;}&#8221;][vc_column_text css=&#8221;&#8221;]<\/p>\n<div class=\"wpb_wrapper\">\n<p>Ob Sie mehr \u00fcber unsere L\u00f6sung F\u00fchrerscheinpr\u00fcfer zur F\u00fchrerscheinkontrolle erfahren oder individuelle Fragen kl\u00e4ren m\u00f6chten \u2013 wir stehen Ihnen pers\u00f6nlich zur Verf\u00fcgung.<\/p>\n<\/div>\n<p>[\/vc_column_text][\/vc_column_inner][vc_column_inner width=&#8221;2\/3&#8243;]<style type=\"text\/css\" >#rd_i36tt5t8mdzm8mwrttzs .wpcf7 input[type=submit]{font-size:15px; font-weight:900; border-radius:2px; padding:11px 15px; letter-spacing: 0.5px; margin-top:3px;}#rd_i36tt5t8mdzm8mwrttzs .wpcf7 input[type=submit]:hover {background:#ff7333; color:#ffffff !important;}#rd_i36tt5t8mdzm8mwrttzs .wpcf7 input:not([type=submit]):not([type=checkbox]),#rd_i36tt5t8mdzm8mwrttzs textarea,#rd_i36tt5t8mdzm8mwrttzs .wpcf7 select{border-radius:0px;}#rd_i36tt5t8mdzm8mwrttzs .wpcf7 input:not([type=submit]),#rd_i36tt5t8mdzm8mwrttzs textarea,#rd_i36tt5t8mdzm8mwrttzs .wpcf7 input[type=submit],#rd_i36tt5t8mdzm8mwrttzs .wpcf7 select{margin-top:3px;}#rd_i36tt5t8mdzm8mwrttzs p{margin-bottom:23px;}#rd_i36tt5t8mdzm8mwrttzs .wpcf7 input:not([type=submit]):not([type=checkbox]),#rd_i36tt5t8mdzm8mwrttzs .wpcf7  textarea,#rd_i36tt5t8mdzm8mwrttzs .wpcf7 select{border:1px solid #f3f3f5; background:#ffffff;}#rd_i36tt5t8mdzm8mwrttzs .wpcf7 input[type=submit]{background:#ff5000; color:#ffffff !important;}<\/style><div id=\"rd_i36tt5t8mdzm8mwrttzs\" class=\"\">\n<div class=\"wpcf7 no-js\" id=\"wpcf7-f7581-o1\" lang=\"de-DE\" dir=\"ltr\" data-wpcf7-id=\"7581\">\n<div class=\"screen-reader-response\"><p role=\"status\" aria-live=\"polite\" aria-atomic=\"true\"><\/p> <ul><\/ul><\/div>\n<form action=\"\/en\/wp-json\/wp\/v2\/pages\/6143#wpcf7-f7581-o1\" method=\"post\" class=\"wpcf7-form init\" aria-label=\"Kontaktformular\" novalidate=\"novalidate\" data-status=\"init\">\n<fieldset class=\"hidden-fields-container\"><input type=\"hidden\" name=\"_wpcf7\" value=\"7581\" \/><input type=\"hidden\" name=\"_wpcf7_version\" value=\"6.1.5\" \/><input type=\"hidden\" name=\"_wpcf7_locale\" value=\"de_DE\" \/><input type=\"hidden\" name=\"_wpcf7_unit_tag\" value=\"wpcf7-f7581-o1\" \/><input type=\"hidden\" name=\"_wpcf7_container_post\" value=\"0\" \/><input type=\"hidden\" name=\"_wpcf7_posted_data_hash\" value=\"\" \/><input type=\"hidden\" name=\"_wpcf7cf_hidden_group_fields\" value=\"[]\" \/><input type=\"hidden\" name=\"_wpcf7cf_hidden_groups\" value=\"[]\" \/><input type=\"hidden\" name=\"_wpcf7cf_visible_groups\" value=\"[]\" \/><input type=\"hidden\" name=\"_wpcf7cf_repeaters\" value=\"[]\" \/><input type=\"hidden\" name=\"_wpcf7cf_steps\" value=\"{}\" \/><input type=\"hidden\" name=\"_wpcf7cf_options\" value=\"{&quot;form_id&quot;:7581,&quot;conditions&quot;:[],&quot;settings&quot;:{&quot;animation&quot;:&quot;yes&quot;,&quot;animation_intime&quot;:200,&quot;animation_outtime&quot;:200,&quot;conditions_ui&quot;:&quot;normal&quot;,&quot;notice_dismissed&quot;:false,&quot;notice_dismissed_rollback-cf7-5.5.6&quot;:true,&quot;notice_dismissed_rollback-cf7-5.6.2&quot;:true,&quot;notice_dismissed_rollback-cf7-5.7.2&quot;:true,&quot;notice_dismissed_rollback-cf7-5.7.6&quot;:true,&quot;notice_dismissed_rollback-cf7-5.8.5&quot;:true,&quot;notice_dismissed_rollback-cf7-5.8.7&quot;:true,&quot;notice_dismissed_rollback-cf7-5.9.2&quot;:true,&quot;notice_dismissed_rollback-cf7-5.9.5&quot;:true,&quot;notice_dismissed_rollback-cf7-5.9.7&quot;:true,&quot;notice_dismissed_rollback-cf7-6.0.4&quot;:true}}\" \/>\n<\/fieldset>\n<div class=\"left_field\">\n\t<p><span class=\"wpcf7-form-control-wrap\" data-name=\"your-company\"><input size=\"40\" maxlength=\"400\" class=\"wpcf7-form-control wpcf7-text wpcf7-validates-as-required\" aria-required=\"true\" aria-invalid=\"false\" placeholder=\"Firma\" value=\"\" type=\"text\" name=\"your-company\" \/><\/span>\n\t<\/p>\n\t<p><span class=\"wpcf7-form-control-wrap\" data-name=\"your-name\"><input size=\"40\" maxlength=\"400\" class=\"wpcf7-form-control wpcf7-text wpcf7-validates-as-required\" aria-required=\"true\" aria-invalid=\"false\" placeholder=\"Name\" value=\"\" type=\"text\" name=\"your-name\" \/><\/span>\n\t<\/p>\n\t<p><span class=\"wpcf7-form-control-wrap\" data-name=\"your-phone\"><input size=\"40\" maxlength=\"400\" class=\"wpcf7-form-control wpcf7-tel wpcf7-validates-as-required wpcf7-text wpcf7-validates-as-tel\" aria-required=\"true\" aria-invalid=\"false\" placeholder=\"Telefon\" value=\"\" type=\"tel\" name=\"your-phone\" \/><\/span>\n\t<\/p>\n\t<p><span class=\"wpcf7-form-control-wrap\" data-name=\"your-email\"><input size=\"40\" maxlength=\"400\" class=\"wpcf7-form-control wpcf7-email wpcf7-validates-as-required wpcf7-text wpcf7-validates-as-email\" aria-required=\"true\" aria-invalid=\"false\" placeholder=\"Email\" value=\"\" type=\"email\" name=\"your-email\" \/><\/span>\n\t<\/p>\n<\/div>\n<div class=\"right_field\">\n\t<p><span class=\"wpcf7-form-control-wrap\" data-name=\"your-subject\"><input size=\"40\" maxlength=\"400\" class=\"wpcf7-form-control wpcf7-text wpcf7-validates-as-required\" aria-required=\"true\" aria-invalid=\"false\" placeholder=\"Betreff\" value=\"\" type=\"text\" name=\"your-subject\" \/><\/span>\n\t<\/p>\n\t<p><span class=\"wpcf7-form-control-wrap\" data-name=\"your-message\"><textarea cols=\"40\" rows=\"10\" maxlength=\"2000\" class=\"wpcf7-form-control wpcf7-textarea\" aria-invalid=\"false\" placeholder=\"Nachricht\" name=\"your-message\"><\/textarea><\/span>\n\t<\/p>\n\t<p><span id=\"wpcf7-69d378df22e17-wrapper\" class=\"wpcf7-form-control-wrap mail-831-wrap\" style=\"display:none !important; visibility:hidden !important;\"><label for=\"wpcf7-69d378df22e17-field\" class=\"hp-message\">Bitte lasse dieses Feld leer.<\/label><input id=\"wpcf7-69d378df22e17-field\"  class=\"wpcf7-form-control wpcf7-text\" type=\"text\" name=\"mail-831\" value=\"\" size=\"40\" tabindex=\"-1\" autocomplete=\"new-password\" \/><\/span>\n\t<\/p>\n\t<p><input class=\"wpcf7-form-control wpcf7-submit has-spinner\" type=\"submit\" value=\"Absenden\" \/>\n\t<\/p>\n<\/div><div class=\"wpcf7-response-output\" aria-hidden=\"true\"><\/div>\n<\/form>\n<\/div>\n<\/div>[\/vc_column_inner][\/vc_row_inner][\/vc_column][\/vc_row]<\/p>\n<\/div>","protected":false},"excerpt":{"rendered":"<p>[vc_row css=&#8221;.vc_custom_1678872389733{margin-top: 50px !important;}&#8221;][vc_column][vc_custom_heading text=&#8221;Fragen &amp; Antworten&#8221; font_container=&#8221;tag:h1|font_size:2.75rem|text_align:left|color:%230A234B|line_height:2.75rem&#8221; use_theme_fonts=&#8221;yes&#8221; css=&#8221;.vc_custom_1771483926643{margin-bottom: 10px !important;}&#8221; el_class=&#8221;uppercase&#8221;][vc_custom_heading text=&#8221;FAQs zur Softwarel\u00f6sung F\u00fchrerscheinpr\u00fcfer AYE-DRIVE die digitalen F\u00fchrerscheinkontrolle&#8221; font_container=&#8221;tag:h2|font_size:2.25rem|text_align:left|color:%230A234B|line_height:2.25rem&#8221; use_theme_fonts=&#8221;yes&#8221; css=&#8221;.vc_custom_1771486412796{margin-bottom: 24px !important;}&#8221;][vc_column_text css=&#8221;.vc_custom_1771483985148{margin-top: 0px !important;margin-right: 0px !important;margin-bottom: 25px !important;margin-left: 0px !important;}&#8221; font_size=&#8221;18&#8243; line_height=&#8221;24&#8243;]Die wichtigsten Fragen und Antworten bevor Sie sich f\u00fcr die digitale F\u00fchrerscheinkontrolle mit dem F\u00fchrerscheinpr\u00fcfer AYE-DRIVE entscheiden.[\/vc_column_text][\/vc_column][\/vc_row][vc_row][vc_column][vc_accordion active_tab=&#8221;1&#8243; style=&#8221;rd_acc_8&#8243;][vc_accordion_tab<br \/><a href=\"https:\/\/syfit.de\/en\/produkte\/fuehrerscheinpruefer\/faq-fuehrerscheinpruefer\/\" class=\"more\">Read more<\/a><\/p>\n","protected":false},"author":4,"featured_media":0,"parent":5951,"menu_order":0,"comment_status":"closed","ping_status":"closed","template":"","meta":{"rs_blank_template":"","rs_page_bg_color":"","slide_template_v7":"","footnotes":""},"class_list":["post-6143","page","type-page","status-publish","hentry"],"_links":{"self":[{"href":"https:\/\/syfit.de\/en\/wp-json\/wp\/v2\/pages\/6143","targetHints":{"allow":["GET"]}}],"collection":[{"href":"https:\/\/syfit.de\/en\/wp-json\/wp\/v2\/pages"}],"about":[{"href":"https:\/\/syfit.de\/en\/wp-json\/wp\/v2\/types\/page"}],"author":[{"embeddable":true,"href":"https:\/\/syfit.de\/en\/wp-json\/wp\/v2\/users\/4"}],"replies":[{"embeddable":true,"href":"https:\/\/syfit.de\/en\/wp-json\/wp\/v2\/comments?post=6143"}],"version-history":[{"count":0,"href":"https:\/\/syfit.de\/en\/wp-json\/wp\/v2\/pages\/6143\/revisions"}],"up":[{"embeddable":true,"href":"https:\/\/syfit.de\/en\/wp-json\/wp\/v2\/pages\/5951"}],"wp:attachment":[{"href":"https:\/\/syfit.de\/en\/wp-json\/wp\/v2\/media?parent=6143"}],"curies":[{"name":"wp","href":"https:\/\/api.w.org\/{rel}","templated":true}]}}