{"id":9689,"date":"2025-07-02T13:16:41","date_gmt":"2025-07-02T11:16:41","guid":{"rendered":"https:\/\/syfit.de\/?page_id=9689"},"modified":"2026-04-22T11:50:27","modified_gmt":"2026-04-22T09:50:27","slug":"softwareloesungen","status":"publish","type":"page","link":"https:\/\/syfit.de\/en\/softwareloesungen\/","title":{"rendered":"Softwarel\u00f6sungen"},"content":{"rendered":"<div class=\"wpb-content-wrapper\"><p>[vc_row type=&#8221;full-width-section&#8221;][vc_column][vc_column_text css=&#8221;&#8221;]\n\t\t\t\t<p class=\"rs-p-wp-fix\"><\/p>\n\t\t\t\t<sr7-module data-alias=\"asset-manager-2026\" data-id=\"76\" id=\"SR7_76_1\" data-version=\"7.0.3\">\n\t\t\t\t\t<sr7-adjuster><\/sr7-adjuster>\n\t\t\t\t\t<sr7-content>\n\t\t\t\t\t\t<sr7-slide id=\"SR7_76_1-228\" data-key=\"228\">\n\t\t\t\t\t\t\t<sr7-bg id=\"SR7_76_1-228-4\" class=\"sr7-layer\"><noscript><img decoding=\"async\" src=\"https:\/\/syfit.de\/wp-content\/uploads\/2026\/02\/softwareloesung_assetmanager-lagerhalle.jpg\" alt=\"\" title=\"Softwarel\u00f6sungen\"><\/noscript><\/sr7-bg>\n\t\t\t\t\t\t<\/sr7-slide>\n\t\t\t\t\t\t<sr7-slide id=\"SR7_76_1-238\" data-key=\"238\">\n\t\t\t\t\t\t\t<sr7-bg id=\"SR7_76_1-238-4\" class=\"sr7-layer\"><noscript><img decoding=\"async\" src=\"https:\/\/syfit.de\/wp-content\/uploads\/2026\/02\/softwareloesung_assetmanager-trucks.jpg\" alt=\"\" title=\"Softwarel\u00f6sungen\"><\/noscript><\/sr7-bg>\n\t\t\t\t\t\t<\/sr7-slide>\n\t\t\t\t\t\t<sr7-slide id=\"SR7_76_1-240\" data-key=\"240\">\n\t\t\t\t\t\t\t<sr7-bg id=\"SR7_76_1-240-4\" class=\"sr7-layer\"><noscript><img decoding=\"async\" src=\"https:\/\/syfit.de\/wp-content\/uploads\/2026\/02\/softwareloesung_assetmanager-maschinen.jpg\" alt=\"\" title=\"Softwarel\u00f6sungen\"><\/noscript><\/sr7-bg>\n\t\t\t\t\t\t<\/sr7-slide>\n\t\t\t\t\t\t<sr7-slide id=\"SR7_76_1-241\" data-key=\"241\">\n\t\t\t\t\t\t\t<sr7-bg id=\"SR7_76_1-241-4\" class=\"sr7-layer\"><noscript><img decoding=\"async\" src=\"https:\/\/syfit.de\/wp-content\/uploads\/2026\/02\/softwareloesung_assetmanager-parkplatz.jpg\" alt=\"\" title=\"Softwarel\u00f6sungen\"><\/noscript><\/sr7-bg>\n\t\t\t\t\t\t<\/sr7-slide>\n\t\t\t\t\t\t<sr7-slide id=\"SR7_76_1-242\" data-key=\"242\">\n\t\t\t\t\t\t\t<sr7-bg id=\"SR7_76_1-242-4\" class=\"sr7-layer\"><noscript><img decoding=\"async\" src=\"https:\/\/syfit.de\/wp-content\/uploads\/2026\/02\/softwareloesung_assetmanager-bikes.jpg\" alt=\"\" title=\"Softwarel\u00f6sungen\"><\/noscript><\/sr7-bg>\n\t\t\t\t\t\t<\/sr7-slide>\n\t\t\t\t\t\t<sr7-slide id=\"SR7_76_1-229\" data-key=\"229\">\n\t\t\t\t\t\t\t<h6 id=\"SR7_76_1-229-4\" class=\"sr7-layer\">Lokalisieren. Nachverfolgen. Optimieren.<\/h6>\n\t\t\t\t\t\t\t<h1 id=\"SR7_76_1-229-5\" class=\"sr7-layer\">Assetmanager<\/h1>\n\t\t\t\t\t\t\t<p id=\"SR7_76_1-229-6\" class=\"sr7-layer\">Digitale L\u00f6sung zur Identifizierung, Verwaltung und Nachverfolgung von Assets in Unternehmen mit verteilten Standorten, mobilen Teams oder umfangreichem Betriebsmittelbestand.<\/p>\n\t\t\t\t\t\t<\/sr7-slide>\n\t\t\t\t\t<\/sr7-content>\n\t\t\t\t\t<image_lists style=\"display:none\">\n\t\t\t\t\t\t<img data-src=\"\/\/syfit.de\/wp-content\/uploads\/revslider\/o\/76\/d11994f7d2b2368900b7f52bc30d1533.webp\" width=\"0\" height=\"0\" data-dbsrc=\"Ly9zeWZpdC5kZS93cC1jb250ZW50L3VwbG9hZHMvMjAyNi8wMi9zb2Z0d2FyZWxvZXN1bmdfYXNzZXRtYW5hZ2VyLWxhZ2VyaGFsbGUuanBn\"\/>\n\t\t\t\t\t\t<img data-src=\"\/\/syfit.de\/wp-content\/uploads\/revslider\/o\/76\/78f82bb3f732b9986974c98ebd8bbafd.webp\" width=\"0\" height=\"0\" data-dbsrc=\"Ly9zeWZpdC5kZS93cC1jb250ZW50L3VwbG9hZHMvMjAyNi8wMi9zb2Z0d2FyZWxvZXN1bmdfYXNzZXRtYW5hZ2VyLXRydWNrcy5qcGc=\"\/>\n\t\t\t\t\t\t<img data-src=\"\/\/syfit.de\/wp-content\/uploads\/revslider\/o\/76\/2812913dea44aa472ff004eb6a8d0a8f.webp\" width=\"0\" height=\"0\" data-dbsrc=\"Ly9zeWZpdC5kZS93cC1jb250ZW50L3VwbG9hZHMvMjAyNi8wMi9zb2Z0d2FyZWxvZXN1bmdfYXNzZXRtYW5hZ2VyLW1hc2NoaW5lbi5qcGc=\"\/>\n\t\t\t\t\t\t<img data-src=\"\/\/syfit.de\/wp-content\/uploads\/revslider\/o\/76\/8d20a79b4da581758f280d318c9a09cb.webp\" width=\"0\" height=\"0\" data-dbsrc=\"Ly9zeWZpdC5kZS93cC1jb250ZW50L3VwbG9hZHMvMjAyNi8wMi9zb2Z0d2FyZWxvZXN1bmdfYXNzZXRtYW5hZ2VyLXBhcmtwbGF0ei5qcGc=\"\/>\n\t\t\t\t\t\t<img data-src=\"\/\/syfit.de\/wp-content\/uploads\/revslider\/o\/76\/ee60e53c02668d2a3899783960956cd9.webp\" width=\"0\" height=\"0\" data-dbsrc=\"Ly9zeWZpdC5kZS93cC1jb250ZW50L3VwbG9hZHMvMjAyNi8wMi9zb2Z0d2FyZWxvZXN1bmdfYXNzZXRtYW5hZ2VyLWJpa2VzLmpwZw==\"\/>\n\t\t\t\t\t<\/image_lists>\n\t\t\t\t<\/sr7-module>\n\t\t\t\t<script>\n\t\t\t\t\twindow.SR7??={}; SR7.PMH ??={}; SR7.PMH[\"SR7_76_1\"] = {cn:100,state:false,fn: function() { if (window._tpt!==undefined && window._tpt.prepareModuleHeight !== undefined) {  _tpt.prepareModuleHeight({id:\"SR7_76_1\",el:[720,560,560,474,560],type:'standard',gh:[720,560,560,480,560],gw:[1600,1240,1024,778,480],vpt:['100px'],size:{fullWidth:true, fullHeight:false},mh:'0',onh:0,onw:0,bg:{color:''},googleFont:\"ignore\"});   SR7.PMH[\"SR7_76_1\"].state=true;} else if(SR7.PMH[\"SR7_76_1\"].cn-->0)\tsetTimeout( SR7.PMH[\"SR7_76_1\"].fn,19);}};SR7.PMH[\"SR7_76_1\" ].fn();\n\t\t\t\t<\/script>\n[\/vc_column_text][\/vc_column][\/vc_row][vc_row source=&#8221;&#8221; text=&#8221;This is custom heading element&#8221; font_container=&#8221;tag:h1|font_size:30|text_align:left|line_height:35px&#8221; use_theme_fonts=&#8221;&#8221; google_fonts=&#8221;font_family:Roboto%3A100%2C100italic%2C300%2C300italic%2Cregular%2Citalic%2C500%2C500italic%2C700%2C700italic%2C900%2C900italic|font_style:900%20bold%20regular%3A900%3Anormal&#8221; css=&#8221;.vc_custom_1581511135656{margin-bottom: 10px !important;}&#8221; link=&#8221;&#8221;][vc_column][vc_custom_heading text=&#8221;Effiziente Softwarel\u00f6sungen zur Digitalisierung f\u00fcr Unternehmen&#8221; font_container=&#8221;tag:h1|font_size:30|text_align:left|color:%230A234B|line_height:35px&#8221; use_theme_fonts=&#8221;yes&#8221; css=&#8221;.vc_custom_1750143170466{margin-top: 100px !important;margin-bottom: 10px !important;}&#8221;][vc_custom_heading text=&#8221;Lokalisieren. Optimieren, Nachverfolgen. \u2013 digital, effizient, zuverl\u00e4ssig&#8221; font_container=&#8221;tag:h2|font_size:26|text_align:left|color:%230A234B&#8221; use_theme_fonts=&#8221;yes&#8221; css=&#8221;&#8221;][\/vc_column][\/vc_row][vc_row source=&#8221;&#8221; text=&#8221;Das ist eine H2 &#8211; \u00dcberschrift&#8221; font_container=&#8221;tag:h2|font_size:26|text_align:left&#8221; use_theme_fonts=&#8221;&#8221; google_fonts=&#8221;font_family:Roboto%3A100%2C100italic%2C300%2C300italic%2Cregular%2Citalic%2C500%2C500italic%2C700%2C700italic%2C900%2C900italic|font_style:700%20bold%20regular%3A700%3Anormal&#8221; link=&#8221;&#8221;][vc_column width=&#8221;1\/2&#8243;][vc_column_text css=&#8221;&#8221;]Die Digitalisierung von Unternehmensprozessen spart Zeit, minimiert Fehler und reduziert Kosten. Besonders beim Auffinden von Gegenst\u00e4nden, dem Tracking von Arbeitsger\u00e4ten oder Fahrzeugen sowie bei gesetzlich vorgeschriebenen Pr\u00fcfungen und Echtzeit-Inventuren sto\u00dfen herk\u00f6mmliche Methoden schnell an ihre Grenzen.<\/p>\n<p>Unsere Softwarel\u00f6sungen zur Digitalisierung f\u00fcr Unternehmen bieten Ihnen moderne, skalierbare und modular aufgebaute Tools, mit denen Sie Ihre Prozesse nachhaltig optimieren k\u00f6nnen.[\/vc_column_text]<style type=\"text\/css\" >#b_b64ak5bj0p61urb2mfzj a{color:#0A234B; background:#FFFFFF00; margin-top:0px; margin-bottom:0px;  margin-left:0px; margin-right:0px; font-weight:500; border-radius:3px;}#b_b64ak5bj0p61urb2mfzj a:hover{color:#565969 ; background: ;}<\/style><div class=\"ta_left tf_btn_pos\" id=\"b_b64ak5bj0p61urb2mfzj\" ><a class=\"rd_normal_bt small_rd_bt bt_icon_left  rda_fadeInUp padding: 0px;\" href=\"#\" target=\"\"   ><i class=\"ion-chevron-right\" ><\/i><span>Button text<\/span><\/a><\/div><style type=\"text\/css\" >#b_b64ak5bj0p61urb2mfzj i {color:#0A234B;}#b_b64ak5bj0p61urb2mfzj a:hover i{color:#565969;}<\/style><style type='text\/css'> @font-face{font-family: 'ion'; src:url('https:\/\/syfit.de\/wp-content\/themes\/thefox\/includes\/4k-icons\/icons\/4k-icons-pack03\/icons\/fonts\/ion.eot'); src:url('https:\/\/syfit.de\/wp-content\/themes\/thefox\/includes\/4k-icons\/icons\/4k-icons-pack03\/icons\/fonts\/ion.eot?#iefix') format('embedded-opentype'), url('https:\/\/syfit.de\/wp-content\/themes\/thefox\/includes\/4k-icons\/icons\/4k-icons-pack03\/icons\/fonts\/ion.woff') format('woff'), url('https:\/\/syfit.de\/wp-content\/themes\/thefox\/includes\/4k-icons\/icons\/4k-icons-pack03\/icons\/fonts\/ion.ttf') format('truetype'), url('https:\/\/syfit.de\/wp-content\/themes\/thefox\/includes\/4k-icons\/icons\/4k-icons-pack03\/icons\/fonts\/ion.svg#oi') format('svg'); font-weight: normal; font-style: normal;}#b_b64ak5bj0p61urb2mfzj .ion-chevron-right:before{font-family: 'ion'; font-weight: normal; font-style: normal;}#b_b64ak5bj0p61urb2mfzj .ion-chevron-right:before{content: \"\\e876\";}<\/style>\n<style type=\"text\/css\" >#b_srl1yfl2gia1jujljiip a{color:#FAFBFB; background:#0A234B; border-style:solid; border-color:#FAFBFB; margin-top:0px; margin-bottom:0px;  margin-left:0px; margin-right:0px; font-weight:500; border-radius:3px;}#b_srl1yfl2gia1jujljiip a:hover{color: ; background: ; border-color:;}<\/style><div class=\"ta_left tf_btn_pos\" id=\"b_srl1yfl2gia1jujljiip\" ><a class=\"rd_stroke_bt small_rd_bt border_1px  bt_icon_left  rda_fadeInUp \" href=\"#\" target=\"\"   ><i class=\"ion-chevron-right\" ><\/i><span>Button Text<\/span><\/a><\/div><style type=\"text\/css\" >#b_srl1yfl2gia1jujljiip i {color:#FAFBFB;}#b_srl1yfl2gia1jujljiip a:hover i{color:;}<\/style><style type='text\/css'> @font-face{font-family: 'ion'; src:url('https:\/\/syfit.de\/wp-content\/themes\/thefox\/includes\/4k-icons\/icons\/4k-icons-pack03\/icons\/fonts\/ion.eot'); src:url('https:\/\/syfit.de\/wp-content\/themes\/thefox\/includes\/4k-icons\/icons\/4k-icons-pack03\/icons\/fonts\/ion.eot?#iefix') format('embedded-opentype'), url('https:\/\/syfit.de\/wp-content\/themes\/thefox\/includes\/4k-icons\/icons\/4k-icons-pack03\/icons\/fonts\/ion.woff') format('woff'), url('https:\/\/syfit.de\/wp-content\/themes\/thefox\/includes\/4k-icons\/icons\/4k-icons-pack03\/icons\/fonts\/ion.ttf') format('truetype'), url('https:\/\/syfit.de\/wp-content\/themes\/thefox\/includes\/4k-icons\/icons\/4k-icons-pack03\/icons\/fonts\/ion.svg#oi') format('svg'); font-weight: normal; font-style: normal;}#b_srl1yfl2gia1jujljiip .ion-chevron-right:before{font-family: 'ion'; font-weight: normal; font-style: normal;}#b_srl1yfl2gia1jujljiip .ion-chevron-right:before{content: \"\\e876\";}<\/style>\n<style type=\"text\/css\" >#b_q3y6k53x9d61kixk39rp a{color:#FAFBFB; background:#FF5000; border-style:solid; border-color:#FAFBFB; margin-top:0px; margin-bottom:0px;  margin-left:0px; margin-right:0px; font-weight:500; border-radius:3px;}#b_q3y6k53x9d61kixk39rp a:hover{color: ; background: ; border-color:;}<\/style><div class=\"ta_left tf_btn_pos\" id=\"b_q3y6k53x9d61kixk39rp\" ><a class=\"rd_stroke_bt small_rd_bt border_1px  bt_icon_left  rda_fadeInUp \" href=\"#\" target=\"\"   ><i class=\"ion-chevron-right\" ><\/i><span>Unsere Softwarel\u00f6sungen<\/span><\/a><\/div><style type=\"text\/css\" >#b_q3y6k53x9d61kixk39rp i {color:#FAFBFB;}#b_q3y6k53x9d61kixk39rp a:hover i{color:;}<\/style><style type='text\/css'> @font-face{font-family: 'ion'; src:url('https:\/\/syfit.de\/wp-content\/themes\/thefox\/includes\/4k-icons\/icons\/4k-icons-pack03\/icons\/fonts\/ion.eot'); src:url('https:\/\/syfit.de\/wp-content\/themes\/thefox\/includes\/4k-icons\/icons\/4k-icons-pack03\/icons\/fonts\/ion.eot?#iefix') format('embedded-opentype'), url('https:\/\/syfit.de\/wp-content\/themes\/thefox\/includes\/4k-icons\/icons\/4k-icons-pack03\/icons\/fonts\/ion.woff') format('woff'), url('https:\/\/syfit.de\/wp-content\/themes\/thefox\/includes\/4k-icons\/icons\/4k-icons-pack03\/icons\/fonts\/ion.ttf') format('truetype'), url('https:\/\/syfit.de\/wp-content\/themes\/thefox\/includes\/4k-icons\/icons\/4k-icons-pack03\/icons\/fonts\/ion.svg#oi') format('svg'); font-weight: normal; font-style: normal;}#b_q3y6k53x9d61kixk39rp .ion-chevron-right:before{font-family: 'ion'; font-weight: normal; font-style: normal;}#b_q3y6k53x9d61kixk39rp .ion-chevron-right:before{content: \"\\e876\";}<\/style>\n[\/vc_column][vc_column width=&#8221;1\/2&#8243;][vc_single_image css=&#8221;&#8221;][\/vc_column][\/vc_row][vc_row][vc_column width=&#8221;1\/2&#8243;][vc_single_image css=&#8221;&#8221;][\/vc_column][vc_column width=&#8221;1\/2&#8243;][vc_column_text css=&#8221;&#8221;]<\/p>\n<h3>Software-as-a-Service (SaaS) \u2013 passgenau, modular und skalierbar<\/h3>\n<p>Unsere SaaS-L\u00f6sungen erm\u00f6glichen die zuverl\u00e4ssige Identifikation, Verwaltung und Standortbestimmung von Assets, Produkten und Personen \u2013 inklusive relevanter Zusatzinformationen wie Nutzungsstatus, Standort, Produktzustand oder Personenzuweisung.[\/vc_column_text][\/vc_column][\/vc_row][vc_row type=&#8221;full-width-section&#8221; equal_height=&#8221;yes&#8221; content_placement=&#8221;middle&#8221; css=&#8221;.vc_custom_1750144015431{margin-top: 50px !important;margin-bottom: 50px !important;padding-top: 50px !important;padding-bottom: 50px !important;background-color: #F3F3F5 !important;}&#8221;][vc_column][vc_column_text css=&#8221;&#8221;]<\/p>\n<h4 style=\"text-align: center;\">F\u00fcr Unternehmen, die Digitalisierung effizient umsetzen wollen.<\/h4>\n<p style=\"text-align: center;\">Starten Sie jetzt mit zukunftssicheren Softwarel\u00f6sungen zur Digitalisierung f\u00fcr Ihr Unternehmen \u2013 wir beraten Sie gerne!<\/p>\n<p>[\/vc_column_text]<style type=\"text\/css\" >#b_9pdtom06fooqodm94kug a{color:; background:; margin-top:0px; margin-bottom:0px;  margin-left:0px; margin-right:0px; font-weight:500; border-radius:0px;}#b_9pdtom06fooqodm94kug a:hover{color: ; background: ;}<\/style><div class=\"ta_left tf_btn_pos\" id=\"b_9pdtom06fooqodm94kug\" ><a class=\"rd_normal_bt small_rd_bt bt_icon_left   \" href=\"#\" target=\"\"   ><i class=\"ion-chevron-right\" ><\/i><span>Jetzt unverbindlich beraten lassen<\/span><\/a><\/div><style type='text\/css'> @font-face{font-family: 'ion'; src:url('https:\/\/syfit.de\/wp-content\/themes\/thefox\/includes\/4k-icons\/icons\/4k-icons-pack03\/icons\/fonts\/ion.eot'); src:url('https:\/\/syfit.de\/wp-content\/themes\/thefox\/includes\/4k-icons\/icons\/4k-icons-pack03\/icons\/fonts\/ion.eot?#iefix') format('embedded-opentype'), url('https:\/\/syfit.de\/wp-content\/themes\/thefox\/includes\/4k-icons\/icons\/4k-icons-pack03\/icons\/fonts\/ion.woff') format('woff'), url('https:\/\/syfit.de\/wp-content\/themes\/thefox\/includes\/4k-icons\/icons\/4k-icons-pack03\/icons\/fonts\/ion.ttf') format('truetype'), url('https:\/\/syfit.de\/wp-content\/themes\/thefox\/includes\/4k-icons\/icons\/4k-icons-pack03\/icons\/fonts\/ion.svg#oi') format('svg'); font-weight: normal; font-style: normal;}#b_9pdtom06fooqodm94kug .ion-chevron-right:before{font-family: 'ion'; font-weight: normal; font-style: normal;}#b_9pdtom06fooqodm94kug .ion-chevron-right:before{content: \"\\e876\";}<\/style>\n[\/vc_column][\/vc_row][vc_row][vc_column width=&#8221;1\/3&#8243;][\/vc_column][vc_column width=&#8221;1\/3&#8243;][\/vc_column][vc_column width=&#8221;1\/3&#8243;][\/vc_column][\/vc_row][vc_row][vc_column width=&#8221;1\/2&#8243;][vc_column_text css=&#8221;&#8221;]<\/p>\n<h3>Intelligente Hardware f\u00fcr Ihre Digitalisierungsl\u00f6sung<\/h3>\n<p>Unser Portfolio umfasst ein breites Spektrum an Hardware zur optimalen Erg\u00e4nzung Ihrer Softwarel\u00f6sung:<\/p>\n<p>Identifikation &amp; Tracking: QR-\/Barcodes, RFID\/NFC-Transponder, Bluetooth-Beacons &amp; Hubs<\/p>\n<p>Telekommunikations- und IoT-Technologien: Wi-Fi, GPS, 5G, Narrowband-IoT \u2013 voll integrierbar in unsere L\u00f6sungen[\/vc_column_text][\/vc_column][vc_column width=&#8221;1\/2&#8243;][vc_single_image css=&#8221;&#8221;][\/vc_column][\/vc_row][vc_row][vc_column width=&#8221;1\/2&#8243;][vc_single_image css=&#8221;&#8221;][\/vc_column][vc_column width=&#8221;1\/2&#8243;][vc_column_text css=&#8221;&#8221;]<strong>Ihre Vorteile mit unseren Softwarel\u00f6sungen zur Digitalisierung f\u00fcr Unternehmen<\/strong><\/p>\n<ul>\n<li>Reduzierung manueller Aufw\u00e4nde<\/li>\n<li>Minimierung von Fehlerquellen<\/li>\n<li>Echtzeit-\u00dcbersicht \u00fcber alle Assets und Prozesse<\/li>\n<li>Einhaltung gesetzlicher Pr\u00fcfpflichten<\/li>\n<li>Hohe Skalierbarkeit und Modularit\u00e4t<\/li>\n<\/ul>\n<p>[\/vc_column_text][\/vc_column][\/vc_row]<\/p>\n<\/div>","protected":false},"excerpt":{"rendered":"<p>[vc_row type=&#8221;full-width-section&#8221;][vc_column][vc_column_text css=&#8221;&#8221;] Lokalisieren. Nachverfolgen. Optimieren. Assetmanager Digitale L\u00f6sung zur Identifizierung, Verwaltung und Nachverfolgung von Assets in Unternehmen mit verteilten Standorten, mobilen Teams oder umfangreichem Betriebsmittelbestand. [\/vc_column_text][\/vc_column][\/vc_row][vc_row source=&#8221;&#8221; text=&#8221;This is custom heading element&#8221; font_container=&#8221;tag:h1|font_size:30|text_align:left|line_height:35px&#8221; use_theme_fonts=&#8221;&#8221; google_fonts=&#8221;font_family:Roboto%3A100%2C100italic%2C300%2C300italic%2Cregular%2Citalic%2C500%2C500italic%2C700%2C700italic%2C900%2C900italic|font_style:900%20bold%20regular%3A900%3Anormal&#8221; css=&#8221;.vc_custom_1581511135656{margin-bottom: 10px !important;}&#8221; link=&#8221;&#8221;][vc_column][vc_custom_heading text=&#8221;Effiziente Softwarel\u00f6sungen zur Digitalisierung f\u00fcr Unternehmen&#8221; font_container=&#8221;tag:h1|font_size:30|text_align:left|color:%230A234B|line_height:35px&#8221; use_theme_fonts=&#8221;yes&#8221; css=&#8221;.vc_custom_1750143170466{margin-top: 100px !important;margin-bottom: 10px !important;}&#8221;][vc_custom_heading text=&#8221;Lokalisieren. Optimieren,<br \/><a href=\"https:\/\/syfit.de\/en\/softwareloesungen\/\" class=\"more\">Read more<\/a><\/p>\n","protected":false},"author":4,"featured_media":0,"parent":0,"menu_order":0,"comment_status":"closed","ping_status":"closed","template":"","meta":{"rs_blank_template":"","rs_page_bg_color":"","slide_template_v7":"","footnotes":""},"class_list":["post-9689","page","type-page","status-publish","hentry"],"_links":{"self":[{"href":"https:\/\/syfit.de\/en\/wp-json\/wp\/v2\/pages\/9689","targetHints":{"allow":["GET"]}}],"collection":[{"href":"https:\/\/syfit.de\/en\/wp-json\/wp\/v2\/pages"}],"about":[{"href":"https:\/\/syfit.de\/en\/wp-json\/wp\/v2\/types\/page"}],"author":[{"embeddable":true,"href":"https:\/\/syfit.de\/en\/wp-json\/wp\/v2\/users\/4"}],"replies":[{"embeddable":true,"href":"https:\/\/syfit.de\/en\/wp-json\/wp\/v2\/comments?post=9689"}],"version-history":[{"count":2,"href":"https:\/\/syfit.de\/en\/wp-json\/wp\/v2\/pages\/9689\/revisions"}],"predecessor-version":[{"id":10441,"href":"https:\/\/syfit.de\/en\/wp-json\/wp\/v2\/pages\/9689\/revisions\/10441"}],"wp:attachment":[{"href":"https:\/\/syfit.de\/en\/wp-json\/wp\/v2\/media?parent=9689"}],"curies":[{"name":"wp","href":"https:\/\/api.w.org\/{rel}","templated":true}]}}